{"id":102,"date":"2018-03-30T20:39:08","date_gmt":"2018-03-30T18:39:08","guid":{"rendered":"http:\/\/novonet.fr\/?page_id=102"},"modified":"2023-01-13T10:10:21","modified_gmt":"2023-01-13T09:10:21","slug":"contact","status":"publish","type":"page","link":"https:\/\/novonet.fr\/index.php\/contact\/","title":{"rendered":"Contactez-nous"},"content":{"rendered":"\n<div class=\"wp-block-group\"><div class=\"wp-block-group__inner-container is-layout-flow wp-block-group-is-layout-flow\"><div class=\"wpforms-container wpforms-container-full wpforms-block\" id=\"wpforms-378\"><form id=\"wpforms-form-378\" class=\"wpforms-validate wpforms-form wpforms-ajax-form\" data-formid=\"378\" method=\"post\" enctype=\"multipart\/form-data\" action=\"\/index.php\/wp-json\/wp\/v2\/pages\/102\" data-token=\"0e9fb2e29d2ee6a71f15fb1fe26690c9\" data-token-time=\"1777436363\"><noscript class=\"wpforms-error-noscript\">Veuillez activer JavaScript dans votre navigateur pour remplir ce formulaire.<\/noscript><div class=\"wpforms-field-container\"><div id=\"wpforms-378-field_6-container\" class=\"wpforms-field wpforms-field-name\" data-field-id=\"6\"><label class=\"wpforms-field-label\">Nom <span class=\"wpforms-required-label\">*<\/span><\/label><div class=\"wpforms-field-row wpforms-field-medium\"><div class=\"wpforms-field-row-block wpforms-first wpforms-one-half\"><input type=\"text\" id=\"wpforms-378-field_6\" class=\"wpforms-field-name-first wpforms-field-required\" name=\"wpforms[fields][6][first]\" required><label for=\"wpforms-378-field_6\" class=\"wpforms-field-sublabel after\">Pr\u00e9nom<\/label><\/div><div class=\"wpforms-field-row-block wpforms-one-half\"><input type=\"text\" id=\"wpforms-378-field_6-last\" class=\"wpforms-field-name-last wpforms-field-required\" name=\"wpforms[fields][6][last]\" required><label for=\"wpforms-378-field_6-last\" class=\"wpforms-field-sublabel after\">Nom<\/label><\/div><\/div><\/div><div id=\"wpforms-378-field_18-container\" class=\"wpforms-field wpforms-field-text\" data-field-id=\"18\"><label class=\"wpforms-field-label\" for=\"wpforms-378-field_18\">T\u00e9l\u00e9phone <span class=\"wpforms-required-label\">*<\/span><\/label><input type=\"text\" id=\"wpforms-378-field_18\" class=\"wpforms-field-medium wpforms-field-required\" name=\"wpforms[fields][18]\" required><\/div><div id=\"wpforms-378-field_7-container\" class=\"wpforms-field wpforms-field-email\" data-field-id=\"7\"><label class=\"wpforms-field-label\" for=\"wpforms-378-field_7\">E-mail <span class=\"wpforms-required-label\">*<\/span><\/label><input type=\"email\" id=\"wpforms-378-field_7\" class=\"wpforms-field-medium wpforms-field-required\" name=\"wpforms[fields][7]\" spellcheck=\"false\" required><\/div><div id=\"wpforms-378-field_12-container\" class=\"wpforms-field wpforms-field-checkbox\" data-field-id=\"12\"><label class=\"wpforms-field-label\">Vous \u00eates : <span class=\"wpforms-required-label\">*<\/span><\/label><ul id=\"wpforms-378-field_12\" class=\"wpforms-field-required\" data-choice-limit=\"1\"><li class=\"choice-1 depth-1\"><input type=\"checkbox\" id=\"wpforms-378-field_12_1\" data-rule-check-limit=\"true\" name=\"wpforms[fields][12][]\" value=\"Une entreprise\" required ><label class=\"wpforms-field-label-inline\" for=\"wpforms-378-field_12_1\">Une entreprise<\/label><\/li><li class=\"choice-2 depth-1\"><input type=\"checkbox\" id=\"wpforms-378-field_12_2\" data-rule-check-limit=\"true\" name=\"wpforms[fields][12][]\" value=\"Un syndic\" required ><label class=\"wpforms-field-label-inline\" for=\"wpforms-378-field_12_2\">Un syndic<\/label><\/li><li class=\"choice-3 depth-1\"><input type=\"checkbox\" id=\"wpforms-378-field_12_3\" data-rule-check-limit=\"true\" name=\"wpforms[fields][12][]\" value=\"Un particulier\" required ><label class=\"wpforms-field-label-inline\" for=\"wpforms-378-field_12_3\">Un particulier<\/label><\/li><\/ul><\/div><div id=\"wpforms-378-field_13-container\" class=\"wpforms-field wpforms-field-radio\" data-field-id=\"13\"><label class=\"wpforms-field-label\">Vous souhaitez : <span class=\"wpforms-required-label\">*<\/span><\/label><ul id=\"wpforms-378-field_13\" class=\"wpforms-field-required\"><li class=\"choice-1 depth-1\"><input type=\"radio\" id=\"wpforms-378-field_13_1\" name=\"wpforms[fields][13]\" value=\"Obtenir un devis\" required ><label class=\"wpforms-field-label-inline\" for=\"wpforms-378-field_13_1\">Obtenir un devis<\/label><\/li><li class=\"choice-2 depth-1\"><input type=\"radio\" id=\"wpforms-378-field_13_2\" name=\"wpforms[fields][13]\" value=\"Faire r\u00e9aliser un Audit\" required ><label class=\"wpforms-field-label-inline\" for=\"wpforms-378-field_13_2\">Faire r\u00e9aliser un Audit<\/label><\/li><li class=\"choice-3 depth-1\"><input type=\"radio\" id=\"wpforms-378-field_13_3\" name=\"wpforms[fields][13]\" value=\"Avoir des renseignements sur nos services\" required ><label class=\"wpforms-field-label-inline\" for=\"wpforms-378-field_13_3\">Avoir des renseignements sur nos services<\/label><\/li><li class=\"choice-5 depth-1\"><input type=\"radio\" id=\"wpforms-378-field_13_5\" name=\"wpforms[fields][13]\" value=\"Postuler \u00e0 l&#039;une de nos offres d&#039;emploi\" required ><label class=\"wpforms-field-label-inline\" for=\"wpforms-378-field_13_5\">Postuler \u00e0 l&rsquo;une de nos offres d&#8217;emploi<\/label><\/li><\/ul><\/div><div id=\"wpforms-378-field_11-container\" class=\"wpforms-field wpforms-field-radio\" data-field-id=\"11\"><label class=\"wpforms-field-label\">Votre demande concerne : <span class=\"wpforms-required-label\">*<\/span><\/label><ul id=\"wpforms-378-field_11\" class=\"wpforms-field-required\"><li class=\"choice-1 depth-1\"><input type=\"radio\" id=\"wpforms-378-field_11_1\" name=\"wpforms[fields][11]\" value=\"Une Copropri\u00e9t\u00e9\" required ><label class=\"wpforms-field-label-inline\" for=\"wpforms-378-field_11_1\">Une Copropri\u00e9t\u00e9<\/label><\/li><li class=\"choice-2 depth-1\"><input type=\"radio\" id=\"wpforms-378-field_11_2\" name=\"wpforms[fields][11]\" value=\"Un local professionnel \/ des bureaux\" required ><label class=\"wpforms-field-label-inline\" for=\"wpforms-378-field_11_2\">Un local professionnel \/ des bureaux<\/label><\/li><li class=\"choice-4 depth-1\"><input type=\"radio\" id=\"wpforms-378-field_11_4\" name=\"wpforms[fields][11]\" value=\"Un Chantier\" required ><label class=\"wpforms-field-label-inline\" for=\"wpforms-378-field_11_4\">Un Chantier<\/label><\/li><li class=\"choice-3 depth-1\"><input type=\"radio\" id=\"wpforms-378-field_11_3\" name=\"wpforms[fields][11]\" value=\"Des Espaces Verts\" required ><label class=\"wpforms-field-label-inline\" for=\"wpforms-378-field_11_3\">Des Espaces Verts<\/label><\/li><li class=\"choice-5 depth-1\"><input type=\"radio\" id=\"wpforms-378-field_11_5\" name=\"wpforms[fields][11]\" value=\"Autre\" required ><label class=\"wpforms-field-label-inline\" for=\"wpforms-378-field_11_5\">Autre<\/label><\/li><\/ul><\/div><div id=\"wpforms-378-field_8-container\" class=\"wpforms-field wpforms-field-textarea\" data-field-id=\"8\"><label class=\"wpforms-field-label\" for=\"wpforms-378-field_8\">Votre message :<\/label><textarea id=\"wpforms-378-field_8\" class=\"wpforms-field-medium\" name=\"wpforms[fields][8]\" ><\/textarea><\/div><div id=\"wpforms-378-field_17-container\" class=\"wpforms-field wpforms-field-gdpr-checkbox\" data-field-id=\"17\"><label class=\"wpforms-field-label\">Accord RGPD <span class=\"wpforms-required-label\">*<\/span><\/label><ul id=\"wpforms-378-field_17\" class=\"wpforms-field-required\"><li class=\"choice-1\"><input type=\"checkbox\" id=\"wpforms-378-field_17_1\" name=\"wpforms[fields][17][]\" value=\"Je consens \u00e0 ce que Novonet stocke mes informations envoy\u00e9es afin qu\u2019ils puissent r\u00e9pondre \u00e0 ma requ\u00eate.\" required ><label class=\"wpforms-field-label-inline\" for=\"wpforms-378-field_17_1\">Je consens \u00e0 ce que Novonet stocke mes informations envoy\u00e9es afin qu\u2019ils puissent r\u00e9pondre \u00e0 ma requ\u00eate.<\/label><\/li><\/ul><\/div><\/div><!-- .wpforms-field-container --><div class=\"wpforms-submit-container\" ><input type=\"hidden\" name=\"wpforms[id]\" value=\"378\"><input type=\"hidden\" name=\"page_title\" value=\"\"><input type=\"hidden\" name=\"page_url\" value=\"https:\/\/novonet.fr\/index.php\/wp-json\/wp\/v2\/pages\/102\"><input type=\"hidden\" name=\"url_referer\" value=\"\"><button type=\"submit\" name=\"wpforms[submit]\" id=\"wpforms-submit-378\" class=\"wpforms-submit\" data-alt-text=\"Envoi en cours...\" data-submit-text=\"Envoyer\" aria-live=\"assertive\" value=\"wpforms-submit\">Envoyer<\/button><img loading=\"lazy\" decoding=\"async\" src=\"https:\/\/novonet.fr\/wp-content\/plugins\/wpforms-lite\/assets\/images\/submit-spin.svg\" class=\"wpforms-submit-spinner\" style=\"display: none;\" width=\"26\" height=\"26\" alt=\"Chargement en cours\"><\/div><\/form><\/div>  <!-- .wpforms-container --><\/div><\/div>\n","protected":false},"excerpt":{"rendered":"","protected":false},"author":1,"featured_media":0,"parent":0,"menu_order":0,"comment_status":"closed","ping_status":"closed","template":"","meta":{"footnotes":""},"class_list":["post-102","page","type-page","status-publish","hentry"],"_links":{"self":[{"href":"https:\/\/novonet.fr\/index.php\/wp-json\/wp\/v2\/pages\/102","targetHints":{"allow":["GET"]}}],"collection":[{"href":"https:\/\/novonet.fr\/index.php\/wp-json\/wp\/v2\/pages"}],"about":[{"href":"https:\/\/novonet.fr\/index.php\/wp-json\/wp\/v2\/types\/page"}],"author":[{"embeddable":true,"href":"https:\/\/novonet.fr\/index.php\/wp-json\/wp\/v2\/users\/1"}],"replies":[{"embeddable":true,"href":"https:\/\/novonet.fr\/index.php\/wp-json\/wp\/v2\/comments?post=102"}],"version-history":[{"count":7,"href":"https:\/\/novonet.fr\/index.php\/wp-json\/wp\/v2\/pages\/102\/revisions"}],"predecessor-version":[{"id":385,"href":"https:\/\/novonet.fr\/index.php\/wp-json\/wp\/v2\/pages\/102\/revisions\/385"}],"wp:attachment":[{"href":"https:\/\/novonet.fr\/index.php\/wp-json\/wp\/v2\/media?parent=102"}],"curies":[{"name":"wp","href":"https:\/\/api.w.org\/{rel}","templated":true}]}}