{"id":117,"date":"2018-03-30T20:51:41","date_gmt":"2018-03-30T18:51:41","guid":{"rendered":"http:\/\/novonet.fr\/?page_id=117"},"modified":"2019-06-07T01:59:20","modified_gmt":"2019-06-06T23:59:20","slug":"chantiers","status":"publish","type":"page","link":"https:\/\/novonet.fr\/index.php\/nos-prestations\/chantiers\/","title":{"rendered":"Chantiers"},"content":{"rendered":"\n<p>Les Services de Nettoyage <\/p>\n\n\n\n<p>En qualit\u00e9 de Titulaire d&rsquo;un march\u00e9 \u00ab travaux \u00bb de construction, de r\u00e9novation, de r\u00e9habilitation&#8230;ou tout autre type de chantier, le Ma\u00eetre d&rsquo;Ouvrage vous met \u00e0 disposition des emplacements pr\u00e9vus pour accueillir les \u00e9quipes dirigeantes (MOE\/MOA) et techniques (compagnons\/ouvriers), vous conf\u00e9rant ainsi les obligations de les entretenir, les faire nettoyer au fur et \u00e0 mesure de l&rsquo;avanc\u00e9e des travaux.<\/p>\n\n\n\n<p>Nos Services de Nettoyage d\u00e9di\u00e9s aux chantiers se structurent en 4 offres  principales : le Nettoyage de la Base Vie, le Nettoyage Gros \u0152uvre, le Nettoyage de Finition et les Services Associ\u00e9s.<\/p>\n\n\n\n<p><strong>Le Nettoyage de la Base Vie<\/strong> :<\/p>\n\n\n\n<p>D\u00e8s le d\u00e9marrage de l&rsquo;op\u00e9ration, les \u00e9quipes techniques NOVONET mettent en place un nettoyage r\u00e9gulier de vos installations. Au del\u00e0 du simple nettoyage des bureaux, salles de r\u00e9unions, sanitaires, r\u00e9fectoires, vestiaires&#8230; NOVONET vous propose \u00e9galement la fourniture et la pose des \u00e9quipements et consommables sanitaires (distributeurs, savons, papiers, s\u00e8che-mains, parfums d&rsquo;ambiance&#8230;).<\/p>\n\n\n\n<p><strong>Le Nettoyage Gros \u0152uvre<\/strong> :<\/p>\n\n\n\n<p>Pendant le d\u00e9roulement du chantier, les intervenants se multiplient et les besoins en nettoyage courant augmentent en cons\u00e9quence. Nous mettons alors en place une \u00e9quipe de Nettoyeurs Gros \u0152uvre qui se chargent quotidiennement du nettoyage des diff\u00e9rentes zones d&rsquo;intervention par le d\u00e9gagement des espaces de circulations, de travail ou de manutention, par le nettoyage et l&rsquo;\u00e9vacuation en bennes des d\u00e9chets li\u00e9s \u00e0 l&rsquo;activit\u00e9, gravats, palettes&#8230;<\/p>\n\n\n\n<p><strong>Le Nettoyage de finition<\/strong> :<\/p>\n\n\n\n<p>En s&rsquo;approchant de l&rsquo;aboutissement de l&rsquo;op\u00e9ration, les \u00e9quipes techniques de finition de NOVONET se chargeront dans une premier temps de nettoyer succinctement les zones d\u00e9finies pour les OPR. Dans une deuxi\u00e8me phase, elles se d\u00e9dieront \u00e0 un nettoyage de finition pour la livraison finale.<\/p>\n\n\n\n<p><strong>Les Services Associ\u00e9s<\/strong> :<\/p>\n\n\n\n<p>En fonction de la typologie et des sp\u00e9cificit\u00e9s techniques de chacun des chantiers, il est parfois n\u00e9cessaire d&rsquo;adapter les m\u00e9thodes op\u00e9rationnelles. Dans la mesure du possible, NOVONET met \u00e0 votre disposition des manutentionnaires, des liftiers, des hommes-trafic, des \u00e9lingueurs&#8230; Nous proposons \u00e9galement des op\u00e9rations sp\u00e9cifiques de nettoyage comme l&rsquo;enl\u00e8vement des graffitis  ou affichages sauvages sur les bardages, lavage des zones d&#8217;emprise, passage de mono-brosse, auto-laveuse, nettoyeurs haute pression&#8230;<\/p>\n\n\n\n<ul class=\"wp-block-gallery columns-3 is-cropped wp-block-gallery-1 is-layout-flex wp-block-gallery-is-layout-flex\"><li class=\"blocks-gallery-item\"><figure><img loading=\"lazy\" decoding=\"async\" width=\"600\" height=\"375\" src=\"https:\/\/novonet.fr\/wp-content\/uploads\/2019\/06\/37c48d9f558bd51e0e11357764824a93.jpg\" alt=\"\" data-id=\"170\" data-link=\"https:\/\/novonet.fr\/index.php\/nos-prestations\/chantiers\/37c48d9f558bd51e0e11357764824a93\/\" class=\"wp-image-170\" srcset=\"https:\/\/novonet.fr\/wp-content\/uploads\/2019\/06\/37c48d9f558bd51e0e11357764824a93.jpg 600w, https:\/\/novonet.fr\/wp-content\/uploads\/2019\/06\/37c48d9f558bd51e0e11357764824a93-300x188.jpg 300w\" sizes=\"auto, (max-width: 600px) 100vw, 600px\" \/><figcaption>Nettoyage Gros Oeuvre<\/figcaption><\/figure><\/li><li class=\"blocks-gallery-item\"><figure><img loading=\"lazy\" decoding=\"async\" width=\"768\" height=\"1024\" src=\"https:\/\/novonet.fr\/wp-content\/uploads\/2019\/06\/IMG_20170428_150844-768x1024.jpg\" alt=\"\" data-id=\"171\" data-link=\"https:\/\/novonet.fr\/index.php\/nos-prestations\/chantiers\/sdr\/\" class=\"wp-image-171\" srcset=\"https:\/\/novonet.fr\/wp-content\/uploads\/2019\/06\/IMG_20170428_150844-768x1024.jpg 768w, https:\/\/novonet.fr\/wp-content\/uploads\/2019\/06\/IMG_20170428_150844-225x300.jpg 225w\" sizes=\"auto, (max-width: 768px) 100vw, 768px\" \/><figcaption>Liftiers<\/figcaption><\/figure><\/li><li class=\"blocks-gallery-item\"><figure><img loading=\"lazy\" decoding=\"async\" width=\"768\" height=\"1024\" src=\"https:\/\/novonet.fr\/wp-content\/uploads\/2019\/06\/IMG_20171020_164048-768x1024.jpg\" alt=\"\" data-id=\"172\" data-link=\"https:\/\/novonet.fr\/index.php\/nos-prestations\/chantiers\/cof\/\" class=\"wp-image-172\" srcset=\"https:\/\/novonet.fr\/wp-content\/uploads\/2019\/06\/IMG_20171020_164048-768x1024.jpg 768w, https:\/\/novonet.fr\/wp-content\/uploads\/2019\/06\/IMG_20171020_164048-225x300.jpg 225w\" sizes=\"auto, (max-width: 768px) 100vw, 768px\" \/><figcaption>Retourneur de poubelles<\/figcaption><\/figure><\/li><li class=\"blocks-gallery-item\"><figure><img loading=\"lazy\" decoding=\"async\" width=\"1024\" height=\"768\" src=\"https:\/\/novonet.fr\/wp-content\/uploads\/2019\/06\/received_10209037951016525-1024x768.jpeg\" alt=\"\" data-id=\"173\" data-link=\"https:\/\/novonet.fr\/index.php\/nos-prestations\/chantiers\/received_10209037951016525\/\" class=\"wp-image-173\" srcset=\"https:\/\/novonet.fr\/wp-content\/uploads\/2019\/06\/received_10209037951016525-1024x768.jpeg 1024w, https:\/\/novonet.fr\/wp-content\/uploads\/2019\/06\/received_10209037951016525-300x225.jpeg 300w, https:\/\/novonet.fr\/wp-content\/uploads\/2019\/06\/received_10209037951016525-768x576.jpeg 768w, https:\/\/novonet.fr\/wp-content\/uploads\/2019\/06\/received_10209037951016525.jpeg 1920w\" sizes=\"auto, (max-width: 1024px) 100vw, 1024px\" \/><figcaption>Graffitis AVANT&#8230;<\/figcaption><\/figure><\/li><li class=\"blocks-gallery-item\"><figure><img loading=\"lazy\" decoding=\"async\" width=\"1024\" height=\"768\" src=\"https:\/\/novonet.fr\/wp-content\/uploads\/2019\/06\/received_10209038094220105-1024x768.jpeg\" alt=\"\" data-id=\"174\" data-link=\"https:\/\/novonet.fr\/index.php\/nos-prestations\/chantiers\/received_10209038094220105\/\" class=\"wp-image-174\" srcset=\"https:\/\/novonet.fr\/wp-content\/uploads\/2019\/06\/received_10209038094220105-1024x768.jpeg 1024w, https:\/\/novonet.fr\/wp-content\/uploads\/2019\/06\/received_10209038094220105-300x225.jpeg 300w, https:\/\/novonet.fr\/wp-content\/uploads\/2019\/06\/received_10209038094220105-768x576.jpeg 768w, https:\/\/novonet.fr\/wp-content\/uploads\/2019\/06\/received_10209038094220105.jpeg 1920w\" sizes=\"auto, (max-width: 1024px) 100vw, 1024px\" \/><figcaption>&#8230;Graffitis APRES<\/figcaption><\/figure><\/li><li class=\"blocks-gallery-item\"><figure><img loading=\"lazy\" decoding=\"async\" width=\"700\" height=\"465\" src=\"https:\/\/novonet.fr\/wp-content\/uploads\/2019\/06\/refectoire_modulaire_chantier_pour_70_compagnons__042989700_1412_23072014.jpg\" alt=\"\" data-id=\"175\" data-link=\"https:\/\/novonet.fr\/index.php\/nos-prestations\/chantiers\/refectoire_modulaire_chantier_pour_70_compagnons__042989700_1412_23072014\/\" class=\"wp-image-175\" srcset=\"https:\/\/novonet.fr\/wp-content\/uploads\/2019\/06\/refectoire_modulaire_chantier_pour_70_compagnons__042989700_1412_23072014.jpg 700w, https:\/\/novonet.fr\/wp-content\/uploads\/2019\/06\/refectoire_modulaire_chantier_pour_70_compagnons__042989700_1412_23072014-300x199.jpg 300w, https:\/\/novonet.fr\/wp-content\/uploads\/2019\/06\/refectoire_modulaire_chantier_pour_70_compagnons__042989700_1412_23072014-360x240.jpg 360w\" sizes=\"auto, (max-width: 700px) 100vw, 700px\" \/><figcaption>R\u00e9fectoires<\/figcaption><\/figure><\/li><li class=\"blocks-gallery-item\"><figure><img loading=\"lazy\" decoding=\"async\" width=\"640\" height=\"427\" src=\"https:\/\/novonet.fr\/wp-content\/uploads\/2019\/06\/vestiaire-chantier-000880005-category_zoom.jpg\" alt=\"\" data-id=\"176\" data-link=\"https:\/\/novonet.fr\/index.php\/nos-prestations\/chantiers\/vestiaire-chantier-000880005-category_zoom\/\" class=\"wp-image-176\" srcset=\"https:\/\/novonet.fr\/wp-content\/uploads\/2019\/06\/vestiaire-chantier-000880005-category_zoom.jpg 640w, https:\/\/novonet.fr\/wp-content\/uploads\/2019\/06\/vestiaire-chantier-000880005-category_zoom-300x200.jpg 300w, https:\/\/novonet.fr\/wp-content\/uploads\/2019\/06\/vestiaire-chantier-000880005-category_zoom-360x240.jpg 360w\" sizes=\"auto, (max-width: 640px) 100vw, 640px\" \/><figcaption>Vestiaires<\/figcaption><\/figure><\/li><\/ul>\n","protected":false},"excerpt":{"rendered":"<p>Les Services de Nettoyage En qualit\u00e9 de Titulaire d&rsquo;un march\u00e9 \u00ab travaux \u00bb de construction, de r\u00e9novation, de r\u00e9habilitation&#8230;ou tout autre type de chantier, le Ma\u00eetre d&rsquo;Ouvrage vous met \u00e0 disposition des emplacements pr\u00e9vus pour accueillir les \u00e9quipes dirigeantes (MOE\/MOA) et techniques (compagnons\/ouvriers), vous conf\u00e9rant ainsi les obligations de les<a class=\"moretag\" href=\"https:\/\/novonet.fr\/index.php\/nos-prestations\/chantiers\/\"> Lire la suite<\/a><\/p>\n","protected":false},"author":1,"featured_media":0,"parent":48,"menu_order":4,"comment_status":"closed","ping_status":"closed","template":"","meta":{"footnotes":""},"class_list":["post-117","page","type-page","status-publish","hentry"],"_links":{"self":[{"href":"https:\/\/novonet.fr\/index.php\/wp-json\/wp\/v2\/pages\/117","targetHints":{"allow":["GET"]}}],"collection":[{"href":"https:\/\/novonet.fr\/index.php\/wp-json\/wp\/v2\/pages"}],"about":[{"href":"https:\/\/novonet.fr\/index.php\/wp-json\/wp\/v2\/types\/page"}],"author":[{"embeddable":true,"href":"https:\/\/novonet.fr\/index.php\/wp-json\/wp\/v2\/users\/1"}],"replies":[{"embeddable":true,"href":"https:\/\/novonet.fr\/index.php\/wp-json\/wp\/v2\/comments?post=117"}],"version-history":[{"count":3,"href":"https:\/\/novonet.fr\/index.php\/wp-json\/wp\/v2\/pages\/117\/revisions"}],"predecessor-version":[{"id":177,"href":"https:\/\/novonet.fr\/index.php\/wp-json\/wp\/v2\/pages\/117\/revisions\/177"}],"up":[{"embeddable":true,"href":"https:\/\/novonet.fr\/index.php\/wp-json\/wp\/v2\/pages\/48"}],"wp:attachment":[{"href":"https:\/\/novonet.fr\/index.php\/wp-json\/wp\/v2\/media?parent=117"}],"curies":[{"name":"wp","href":"https:\/\/api.w.org\/{rel}","templated":true}]}}