{"id":262,"date":"2019-09-06T19:09:19","date_gmt":"2019-09-06T17:09:19","guid":{"rendered":"http:\/\/novonet.fr\/?page_id=262"},"modified":"2020-02-04T11:48:36","modified_gmt":"2020-02-04T10:48:36","slug":"laudit-de-vos-prestations-de-nettoyage-2","status":"publish","type":"page","link":"https:\/\/novonet.fr\/index.php\/laudit-de-vos-prestations-de-nettoyage-2\/","title":{"rendered":"L&rsquo;Audit de vos Prestations de Nettoyage"},"content":{"rendered":"\n<div class=\"wp-block-group\"><div class=\"wp-block-group__inner-container is-layout-flow wp-block-group-is-layout-flow\"><a class=\"maxbutton-1 maxbutton maxbutton-demandez-votre-audit\" target=\"_blank\" rel=\"noopener\" href=\"https:\/\/novonet.fr\/index.php\/contact\/\"><span class='mb-text'>Demandez un Audit<\/span><\/a><\/div><\/div>\n\n\n<p>\u00a0<\/p>\n<p><strong>L\u2019audit des prestations de nettoyage se distingue en deux objectifs principaux\u00a0:<\/strong><\/p>\n<p><strong>&#8211; valider l\u2019ad\u00e9quation entre la qualit\u00e9 des prestations de propret\u00e9 et le budget allou\u00e9.<\/strong><\/p>\n<p><strong>&#8211; proposer les solutions pour optimiser le co\u00fbt des d\u00e9penses li\u00e9es \u00e0 la propret\u00e9<\/strong>.<\/p>\n\n\n<p>   <\/p>\n\n\n\n<h4 class=\"wp-block-heading\"><strong>Audit de prestations de propret\u00e9<\/strong>&nbsp;: M\u00e9thodologie<\/h4>\n\n\n\n<p>Il s\u2019agit d\u2019un \u00e9change avec le donneur d\u2019ordres sur les objectifs des prestations de propret\u00e9, en mati\u00e8re d\u2019images, de strat\u00e9gie, de bien-\u00eatre, de la satisfaction des clients et des collaborateurs.<\/p>\n\n\n\n<p>Pour cela, il faut analyser l\u2019existant et cette analyse porte sur les points suivants&nbsp;:<\/p>\n\n\n\n<p>&#8211; le cahier des charges<\/p>\n\n\n\n<p>&#8211; l\u2019organisation du travail<\/p>\n\n\n\n<p>&#8211; les moyens humains<\/p>\n\n\n\n<p>&#8211; les besoins en formation techniques, comportementales et l\u00e9gales<\/p>\n\n\n\n<p>&#8211; les moyens mat\u00e9riels<\/p>\n\n\n\n<p>&#8211; le type de produits utilis\u00e9s<\/p>\n\n\n\n<p>&#8211; les m\u00e9thodes utilis\u00e9es<\/p>\n\n\n\n<p>&#8211; les proc\u00e9dures li\u00e9es au prestataire<\/p>\n\n\n\n<p>&#8211; les proc\u00e9dures li\u00e9es au donneur d\u2019ordre<\/p>\n\n\n\n<p>&#8211; les m\u00e9thodes de contr\u00f4le mises en place<\/p>\n\n\n\n<p>&#8211; les co\u00fbts des prestations contractuelles<\/p>\n\n\n\n<p>&#8211; les co\u00fbts des prestations annexes<\/p>\n\n\n\n<p>   <\/p>\n\n\n\n<h4 class=\"wp-block-heading\"><strong>Audit de prestations de propret\u00e9<\/strong>&nbsp;: Pr\u00e9conisations<\/h4>\n\n\n\n<p>Chaque point de l\u2019\u00e9tude fait l\u2019objet de propositions qui permettent de se diriger vers une prestation de nettoyage irr\u00e9prochable, en totale harmonie avec les besoins du client et adapt\u00e9e \u00e0 la configuration du site.<\/p>\n\n\n\n<p>Par ailleurs, nous cherchons \u00e0 optimiser le co\u00fbt en recherchant le meilleur rapport qualit\u00e9\/prix.<\/p>\n\n\n\n<p>   <\/p>\n\n\n\n<h4 class=\"wp-block-heading\"><strong>Audit de propret\u00e9<\/strong>&nbsp;: Synth\u00e8se<\/h4>\n\n\n\n<p>A la fin de l\u2019Audit, il sera remis une synth\u00e8se d\u00e9taill\u00e9e&nbsp;des \u00e9l\u00e9ments constat\u00e9s et une proposition objective des am\u00e9liorations possibles et conseill\u00e9es&nbsp;:<\/p>\n\n\n\n<p>&#8211; une cahier des charges optimis\u00e9<\/p>\n\n\n\n<p>&#8211; une nouvelle organisation du travail&nbsp;: les fr\u00e9quences, les cadences, le mat\u00e9riel\u2026etc.\u2026<\/p>\n\n\n\n<p>&#8211; un planning d\u2019intervention<\/p>\n\n\n\n<p>&#8211; des fiches de postes d\u00e9taill\u00e9es pour les diff\u00e9rents intervenants<\/p>\n\n\n\n<p>&#8211; l\u2019organisation et la structuration des points de contr\u00f4le<\/p>\n\n\n\n<p>&#8211; un bilan financier actualis\u00e9 et en ad\u00e9quation avec la nouvelle strat\u00e9gie.<\/p>\n\n\n\n<p>   <\/p>\n\n\n\n<h4 class=\"wp-block-heading\"><strong>Audit de prestations de propret\u00e9<\/strong>&nbsp;: Nos domaines de comp\u00e9tence<\/h4>\n\n\n\n<p>Nettoyage des chantiers et services associ\u00e9s, bureaux, locaux d\u2019activit\u00e9s commerciales (boutiques, agences\u2026), d\u00e9p\u00f4ts et entrep\u00f4ts logistiques, si\u00e8ges sociaux, copropri\u00e9t\u00e9s, espaces verts.<\/p>\n\n\n\n<p>     <\/p>\n\n\n\n<p>     <\/p>\n\n\n<a class=\"maxbutton-1 maxbutton maxbutton-demandez-votre-audit\" target=\"_blank\" rel=\"noopener\" href=\"https:\/\/novonet.fr\/index.php\/contact\/\"><span class='mb-text'>Demandez un Audit<\/span><\/a>","protected":false},"excerpt":{"rendered":"<p>\u00a0 L\u2019audit des prestations de nettoyage se distingue en deux objectifs principaux\u00a0: &#8211; valider l\u2019ad\u00e9quation entre la qualit\u00e9 des prestations de propret\u00e9 et le budget allou\u00e9. &#8211; proposer les solutions pour optimiser le co\u00fbt des d\u00e9penses li\u00e9es \u00e0 la propret\u00e9. Audit de prestations de propret\u00e9&nbsp;: M\u00e9thodologie Il s\u2019agit d\u2019un \u00e9change<a class=\"moretag\" href=\"https:\/\/novonet.fr\/index.php\/laudit-de-vos-prestations-de-nettoyage-2\/\"> Lire la suite<\/a><\/p>\n","protected":false},"author":1,"featured_media":0,"parent":0,"menu_order":4,"comment_status":"closed","ping_status":"closed","template":"","meta":{"footnotes":""},"class_list":["post-262","page","type-page","status-publish","hentry"],"_links":{"self":[{"href":"https:\/\/novonet.fr\/index.php\/wp-json\/wp\/v2\/pages\/262","targetHints":{"allow":["GET"]}}],"collection":[{"href":"https:\/\/novonet.fr\/index.php\/wp-json\/wp\/v2\/pages"}],"about":[{"href":"https:\/\/novonet.fr\/index.php\/wp-json\/wp\/v2\/types\/page"}],"author":[{"embeddable":true,"href":"https:\/\/novonet.fr\/index.php\/wp-json\/wp\/v2\/users\/1"}],"replies":[{"embeddable":true,"href":"https:\/\/novonet.fr\/index.php\/wp-json\/wp\/v2\/comments?post=262"}],"version-history":[{"count":16,"href":"https:\/\/novonet.fr\/index.php\/wp-json\/wp\/v2\/pages\/262\/revisions"}],"predecessor-version":[{"id":340,"href":"https:\/\/novonet.fr\/index.php\/wp-json\/wp\/v2\/pages\/262\/revisions\/340"}],"wp:attachment":[{"href":"https:\/\/novonet.fr\/index.php\/wp-json\/wp\/v2\/media?parent=262"}],"curies":[{"name":"wp","href":"https:\/\/api.w.org\/{rel}","templated":true}]}}