{"id":274,"date":"2020-01-13T11:00:56","date_gmt":"2020-01-13T10:00:56","guid":{"rendered":"http:\/\/novonet.fr\/?page_id=274"},"modified":"2023-05-12T10:14:35","modified_gmt":"2023-05-12T08:14:35","slug":"carriere","status":"publish","type":"page","link":"https:\/\/novonet.fr\/index.php\/carriere\/","title":{"rendered":"Offres d&rsquo;Emploi"},"content":{"rendered":"\n<p>Vous souhaitez donner un nouveau sens \u00e0 votre vie ?<\/p>\n\n\n\n<p>Vous \u00eates d\u00e9sireux(se) de trouver de nouvelles opportunit\u00e9s et vous aimez les challenges et les responsabilit\u00e9s ?<\/p>\n\n\n\n<p>Vous souhaitez rejoindre une entreprise familiale en pleine croissance ?<\/p>\n\n\n\n<p>Alors, venez b\u00e2tir votre futur avec NOVONET !<\/p>\n\n\n\n<p>Si vos valeurs sont les m\u00eames que les n\u00f4tres : dynamisme, exigence, esprit d&rsquo;\u00e9quipe et bienveillance, alors vous serez le\/la bienvenu(e).<\/p>\n\n\n\n<p>Consultez ici nos derni\u00e8res opportunit\u00e9s de carri\u00e8re ou d\u00e9poser \u00e9galement votre candidature.<\/p>\n\n\n\n<p>A tr\u00e8s bient\u00f4t parmi nous.<\/p>\n\n\n\n<p>  <\/p>\n\n\n\n<p class=\"has-text-align-center\">Nous recherchons actuellement :<\/p>\n\n\n\n<p>     <\/p>\n\n\n\n<ul class=\"wp-block-list\">\n<li><a href=\"https:\/\/novonet.fr\/index.php\/attachee-commerciale\/\" data-type=\"URL\" data-id=\"https:\/\/novonet.fr\/index.php\/attachee-commerciale\/\">Attach\u00e9(e) Commercial(e) Tertiaire &#8211; H\/F<\/a><\/li>\n\n\n\n<li><a href=\"https:\/\/novonet.fr\/index.php\/chargee-daffaires-btp\/\" data-type=\"URL\" data-id=\"https:\/\/novonet.fr\/index.php\/chargee-daffaires-btp\/\">Attach\u00e9(e) Commercial(e) BTP &#8211; H\/F<\/a><\/li>\n\n\n\n<li><a href=\"https:\/\/novonet.fr\/index.php\/agente-de-service-base-vie-de-chantiers\/\" data-type=\"URL\" data-id=\"https:\/\/novonet.fr\/index.php\/agente-de-service-base-vie-de-chantiers\/\">Agent(e) de Service &#8211; H\/F<\/a><\/li>\n<\/ul>\n\n\n\n<p><\/p>\n","protected":false},"excerpt":{"rendered":"<p>Vous souhaitez donner un nouveau sens \u00e0 votre vie ? Vous \u00eates d\u00e9sireux(se) de trouver de nouvelles opportunit\u00e9s et vous aimez les challenges et les responsabilit\u00e9s ? Vous souhaitez rejoindre une entreprise familiale en pleine croissance ? Alors, venez b\u00e2tir votre futur avec NOVONET ! Si vos valeurs sont les<a class=\"moretag\" href=\"https:\/\/novonet.fr\/index.php\/carriere\/\"> Lire la suite<\/a><\/p>\n","protected":false},"author":1,"featured_media":0,"parent":0,"menu_order":5,"comment_status":"closed","ping_status":"closed","template":"","meta":{"footnotes":""},"class_list":["post-274","page","type-page","status-publish","hentry"],"_links":{"self":[{"href":"https:\/\/novonet.fr\/index.php\/wp-json\/wp\/v2\/pages\/274","targetHints":{"allow":["GET"]}}],"collection":[{"href":"https:\/\/novonet.fr\/index.php\/wp-json\/wp\/v2\/pages"}],"about":[{"href":"https:\/\/novonet.fr\/index.php\/wp-json\/wp\/v2\/types\/page"}],"author":[{"embeddable":true,"href":"https:\/\/novonet.fr\/index.php\/wp-json\/wp\/v2\/users\/1"}],"replies":[{"embeddable":true,"href":"https:\/\/novonet.fr\/index.php\/wp-json\/wp\/v2\/comments?post=274"}],"version-history":[{"count":28,"href":"https:\/\/novonet.fr\/index.php\/wp-json\/wp\/v2\/pages\/274\/revisions"}],"predecessor-version":[{"id":507,"href":"https:\/\/novonet.fr\/index.php\/wp-json\/wp\/v2\/pages\/274\/revisions\/507"}],"wp:attachment":[{"href":"https:\/\/novonet.fr\/index.php\/wp-json\/wp\/v2\/media?parent=274"}],"curies":[{"name":"wp","href":"https:\/\/api.w.org\/{rel}","templated":true}]}}