{"id":48,"date":"2018-03-30T16:23:24","date_gmt":"2018-03-30T14:23:24","guid":{"rendered":"http:\/\/novonet.fr\/?page_id=48"},"modified":"2022-11-03T12:39:08","modified_gmt":"2022-11-03T11:39:08","slug":"nos-prestations","status":"publish","type":"page","link":"https:\/\/novonet.fr\/index.php\/nos-prestations\/","title":{"rendered":"Nos Prestations"},"content":{"rendered":"<p style=\"text-align: center;\">Vous \u00eates un Chef d\u2019Entreprise soucieux d&rsquo;offrir \u00e0 vos collaborateurs, les conditions de travail, de confort et de propret\u00e9 \u00e0\u00a0la hauteur de\u00a0votre notori\u00e9t\u00e9 ?<\/p>\n<p style=\"text-align: center;\">Vous \u00eates commer\u00e7ant et vous exigez d&rsquo;accueillir vos clients dans des lieux qui vous ressemblent ?<\/p>\n<p style=\"text-align: center;\">\n<p style=\"text-align: center;\">Vous dirigez un chantier et vous d\u00e9sirez trouver un partenaire pour l&rsquo;entretien de la base vie de votre chantier ?<\/p>\n<p style=\"text-align: center;\">Vous \u00eates Syndic de Copropri\u00e9t\u00e9 et vous recherchez un partenaire pour vous \u00e9pauler dans la qu\u00eate permanente de la satisfaction de vos copropri\u00e9taires\u00a0?<\/p>\n<p style=\"text-align: center;\">\n<blockquote>\n<h5 style=\"text-align: center;\"><em><strong>Notre exp\u00e9rience et la qualit\u00e9 de notre travail font la diff\u00e9rence.<\/strong><\/em><\/h5>\n<\/blockquote>\n<p style=\"text-align: center;\">Vous cherchez une entreprise de nettoyage dynamique, motiv\u00e9e, volontaire et disponible ?<\/p>\n<p style=\"text-align: center;\">Nos services ont pu acqu\u00e9rir l&rsquo;exp\u00e9rience et la comp\u00e9tence pour \u00e9tudier, planifier, deviser le budget n\u00e9cessaire \u00e0 de telles op\u00e9rations et conduire et accompagner un projet d\u00e8s sa phase d\u2019\u00e9tude.<\/p>\n<p style=\"text-align: center;\"><a href=\"https:\/\/www.novonet.fr\/index.php\/contact\/\"><strong>CONTACTEZ-NOUS\u00a0!<\/strong><\/a><\/p>\n<p style=\"text-align: center;\"><strong>\u00a0<\/strong><\/p>\n<p style=\"text-align: center;\"><strong>\u00a0<\/strong><strong>NOVONET<\/strong><\/p>\n<p style=\"text-align: center;\"><strong>vous propose tous les services d\u2019entretien r\u00e9gulier de vos locaux et espaces :<\/strong><\/p>\n<p style=\"text-align: center;\"><strong>\u00a0<\/strong><\/p>\n<ul>\n<li style=\"text-align: center;\"><strong><a href=\"https:\/\/novonet.fr\/index.php\/nos-prestations\/chantiers\/\">Chantiers<\/a><\/strong><strong><a href=\"https:\/\/novonet.fr\/index.php\/nos-prestations\/residentiel\/\"><\/a><\/strong><\/li>\n<li style=\"text-align: center;\"><strong><a href=\"https:\/\/novonet.fr\/index.php\/nos-prestations\/professionnel\/\">Bureaux et Locaux Professionnels<\/a><\/strong><\/li>\n<li style=\"text-align: center;\"><strong><a href=\"https:\/\/novonet.fr\/index.php\/nos-prestations\/espaces-verts\/\">Espaces Verts<\/a><\/strong><\/li>\n<li style=\"text-align: center;\"><strong><a href=\"https:\/\/novonet.fr\/index.php\/nos-prestations\/residentiel\/\">Immeubles et R\u00e9sidences<\/a><\/strong><\/li>\n<li style=\"text-align: center;\"><strong><a href=\"https:\/\/novonet.fr\/index.php\/nos-prestations\/divers\/\">Autres Prestations ponctuelles<\/a>\u2026<\/strong><\/li>\n<\/ul>\n","protected":false},"excerpt":{"rendered":"<p>Vous \u00eates un Chef d\u2019Entreprise soucieux d&rsquo;offrir \u00e0 vos collaborateurs, les conditions de travail, de confort et de propret\u00e9 \u00e0\u00a0la hauteur de\u00a0votre notori\u00e9t\u00e9 ? Vous \u00eates commer\u00e7ant et vous exigez d&rsquo;accueillir vos clients dans des lieux qui vous ressemblent ? Vous dirigez un chantier et vous d\u00e9sirez trouver un partenaire<a class=\"moretag\" href=\"https:\/\/novonet.fr\/index.php\/nos-prestations\/\"> Lire la suite<\/a><\/p>\n","protected":false},"author":1,"featured_media":0,"parent":0,"menu_order":3,"comment_status":"closed","ping_status":"closed","template":"","meta":{"footnotes":""},"class_list":["post-48","page","type-page","status-publish","hentry"],"_links":{"self":[{"href":"https:\/\/novonet.fr\/index.php\/wp-json\/wp\/v2\/pages\/48","targetHints":{"allow":["GET"]}}],"collection":[{"href":"https:\/\/novonet.fr\/index.php\/wp-json\/wp\/v2\/pages"}],"about":[{"href":"https:\/\/novonet.fr\/index.php\/wp-json\/wp\/v2\/types\/page"}],"author":[{"embeddable":true,"href":"https:\/\/novonet.fr\/index.php\/wp-json\/wp\/v2\/users\/1"}],"replies":[{"embeddable":true,"href":"https:\/\/novonet.fr\/index.php\/wp-json\/wp\/v2\/comments?post=48"}],"version-history":[{"count":11,"href":"https:\/\/novonet.fr\/index.php\/wp-json\/wp\/v2\/pages\/48\/revisions"}],"predecessor-version":[{"id":456,"href":"https:\/\/novonet.fr\/index.php\/wp-json\/wp\/v2\/pages\/48\/revisions\/456"}],"wp:attachment":[{"href":"https:\/\/novonet.fr\/index.php\/wp-json\/wp\/v2\/media?parent=48"}],"curies":[{"name":"wp","href":"https:\/\/api.w.org\/{rel}","templated":true}]}}