{"id":91,"date":"2018-03-30T20:21:38","date_gmt":"2018-03-30T18:21:38","guid":{"rendered":"http:\/\/novonet.fr\/?page_id=91"},"modified":"2022-11-03T12:33:45","modified_gmt":"2022-11-03T11:33:45","slug":"qui-sommes-nous","status":"publish","type":"page","link":"https:\/\/novonet.fr\/index.php\/qui-sommes-nous\/","title":{"rendered":"Qui sommes-nous ?"},"content":{"rendered":"<p><strong>NOVONET est avant tout une entreprise familiale d\u00e9di\u00e9e aux Services du Nettoyage Courants des B\u00e2timents et Services destin\u00e9s aux <\/strong><strong>professionnels. C&rsquo;est en r\u00e9unissant nos comp\u00e9tences, nos exp\u00e9riences que nous avons entrepris de faire de NOVONET, un partenaire Propret\u00e9 Responsable, et Bienveillant.<\/strong><strong><\/strong><\/p>\n<p><strong>Au quotidien, nos agents s&rsquo;occupent de toutes les missions li\u00e9es au nettoyage : de vos bureaux, de vos locaux professionnels, de vos immeubles et copropri\u00e9t\u00e9s, de vos espaces verts, de vos chantiers&#8230;<\/strong><\/p>\n<p><strong>Forte de notre exp\u00e9rience acquise aupr\u00e8s de nos diff\u00e9rents types de clients que nous accompagnons au fil des jours, l&rsquo;\u00e9quipe fondatrice et dirigeante de NOVONET s\u2019inspire au quotidien des \u00e9volutions techniques, des habitudes, des besoins et des envies pour adapter au plus juste, nos offres \u00e0 vos besoins r\u00e9els en vous proposant une diversit\u00e9 dans les services du nettoyage et de l\u2019entretien quotidien.<\/strong><\/p>\n<p><strong>Parce que nous sommes une entreprise familiale \u00e0 taille humaine, nous\u00a0 formons une \u00e9quipe \u0153uvrante restant sans cesse \u00e0 la recherche de la satisfaction de nos clients et restons toujours soucieux de r\u00e9pondre fid\u00e8lement \u00e0 ceux qui nous font confiance.<\/strong><strong><\/strong><\/p>\n<p><strong>C\u2019est pourquoi, NOVONET vous <\/strong><strong>propose une solution globale compl\u00e8te avec des missions personnalis\u00e9es, sur mesure et ainsi adapt\u00e9es \u00e0 l&rsquo;ensemble de vos besoins, sans surplus, sans surprises\u2026 !<\/strong><\/p>\n<p><strong>\u00a0<\/strong><strong>Dans un univers toujours plus concurrentiel et exigeant, NOVONET<\/strong> <strong>met \u00e0 votre disposition un personnel qualifi\u00e9 et encadr\u00e9, des outils professionnels et des m\u00e9thodes adapt\u00e9es au mieux pour atteindre les r\u00e9sultats que vous attendez.<\/strong><\/p>\n","protected":false},"excerpt":{"rendered":"<p>NOVONET est avant tout une entreprise familiale d\u00e9di\u00e9e aux Services du Nettoyage Courants des B\u00e2timents et Services destin\u00e9s aux professionnels. C&rsquo;est en r\u00e9unissant nos comp\u00e9tences, nos exp\u00e9riences que nous avons entrepris de faire de NOVONET, un partenaire Propret\u00e9 Responsable, et Bienveillant. Au quotidien, nos agents s&rsquo;occupent de toutes les missions<a class=\"moretag\" href=\"https:\/\/novonet.fr\/index.php\/qui-sommes-nous\/\"> Lire la suite<\/a><\/p>\n","protected":false},"author":1,"featured_media":0,"parent":0,"menu_order":2,"comment_status":"closed","ping_status":"closed","template":"","meta":{"footnotes":""},"class_list":["post-91","page","type-page","status-publish","hentry"],"_links":{"self":[{"href":"https:\/\/novonet.fr\/index.php\/wp-json\/wp\/v2\/pages\/91","targetHints":{"allow":["GET"]}}],"collection":[{"href":"https:\/\/novonet.fr\/index.php\/wp-json\/wp\/v2\/pages"}],"about":[{"href":"https:\/\/novonet.fr\/index.php\/wp-json\/wp\/v2\/types\/page"}],"author":[{"embeddable":true,"href":"https:\/\/novonet.fr\/index.php\/wp-json\/wp\/v2\/users\/1"}],"replies":[{"embeddable":true,"href":"https:\/\/novonet.fr\/index.php\/wp-json\/wp\/v2\/comments?post=91"}],"version-history":[{"count":9,"href":"https:\/\/novonet.fr\/index.php\/wp-json\/wp\/v2\/pages\/91\/revisions"}],"predecessor-version":[{"id":454,"href":"https:\/\/novonet.fr\/index.php\/wp-json\/wp\/v2\/pages\/91\/revisions\/454"}],"wp:attachment":[{"href":"https:\/\/novonet.fr\/index.php\/wp-json\/wp\/v2\/media?parent=91"}],"curies":[{"name":"wp","href":"https:\/\/api.w.org\/{rel}","templated":true}]}}